{"id":87,"date":"2024-10-24T09:26:17","date_gmt":"2024-10-24T07:26:17","guid":{"rendered":"https:\/\/patt-bielicka.pl\/?page_id=87"},"modified":"2026-02-21T16:09:01","modified_gmt":"2026-02-21T15:09:01","slug":"strona-w-budowie","status":"publish","type":"page","link":"https:\/\/patt-bielicka.pl\/","title":{"rendered":"Strona w budowie"},"content":{"rendered":"\t\t<div data-elementor-type=\"wp-page\" data-elementor-id=\"87\" class=\"elementor elementor-87\">\n\t\t\t\t<div class=\"elementor-element elementor-element-54b6f3fb e-con-full e-flex e-con e-parent\" data-id=\"54b6f3fb\" data-element_type=\"container\">\n\t\t<div class=\"elementor-element elementor-element-7c5134fe e-con-full e-flex e-con e-child\" data-id=\"7c5134fe\" data-element_type=\"container\">\n\t\t\t\t<div class=\"elementor-element elementor-element-739c4a9d elementor-widget elementor-widget-heading\" data-id=\"739c4a9d\" data-element_type=\"widget\" data-widget_type=\"heading.default\">\n\t\t\t\t<div class=\"elementor-widget-container\">\n\t\t\t<h2 class=\"elementor-heading-title elementor-size-default\">graphic <br>\n&amp;digital<\/h2>\t\t<\/div>\n\t\t\t\t<\/div>\n\t\t<div class=\"elementor-element elementor-element-4b167328 e-con-full e-flex e-con e-child\" data-id=\"4b167328\" data-element_type=\"container\">\n\t\t\t\t<div class=\"elementor-element elementor-element-5f49f598 elementor-widget elementor-widget-heading\" data-id=\"5f49f598\" data-element_type=\"widget\" data-widget_type=\"heading.default\">\n\t\t\t\t<div class=\"elementor-widget-container\">\n\t\t\t<h3 class=\"elementor-heading-title elementor-size-default\">Design, kt\u00f3ry wspiera d\u0142ugofalowy rozw\u00f3j marki<\/h3>\t\t<\/div>\n\t\t\t\t<\/div>\n\t\t\t\t<div class=\"elementor-element elementor-element-7b553b2c elementor-widget elementor-widget-text-editor\" data-id=\"7b553b2c\" data-element_type=\"widget\" data-widget_type=\"text-editor.default\">\n\t\t\t\t<div class=\"elementor-widget-container\">\n\t\t\t\t\t\t\t<p>Jestem projektantk\u0105 graficzn\u0105 z wieloletnim do\u015bwiadczeniem, specjalizuj\u0105c\u0105 si\u0119 w projektowaniu nowoczesnych interfejs\u00f3w u\u017cytkownika oraz kompleksowym tworzeniu to\u017csamo\u015bci wizualnej dla marek. Moje podej\u015bcie \u0142\u0105czy estetyk\u0119 z funkcjonalno\u015bci\u0105, zapewniaj\u0105c intuicyjne i sp\u00f3jne do\u015bwiadczenia u\u017cytkownik\u00f3w. Projektuj\u0119 z\u00a0 my\u015bl\u0105 o budowaniu silnych, rozpoznawalnych marek, kt\u00f3re anga\u017cuj\u0105 odbiorc\u00f3w i wspieraj\u0105 ich w codziennym kontakcie z mark\u0105. Ka\u017cdy projekt opieram na solidnej strategii, kt\u00f3ra pomaga osi\u0105gn\u0105\u0107 d\u0142ugofalowe cele i skuteczn\u0105 komunikacj\u0119.<\/p>\t\t\t\t\t\t<\/div>\n\t\t\t\t<\/div>\n\t\t\t\t<div class=\"elementor-element elementor-element-4fd1447 elementor-widget elementor-widget-text-editor\" data-id=\"4fd1447\" data-element_type=\"widget\" data-widget_type=\"text-editor.default\">\n\t\t\t\t<div class=\"elementor-widget-container\">\n\t\t\t\t\t\t\t<p>tel \/ +48 739 043 063\u00a0 <br \/>mail \/ <a href=\"mailto:hi@patt-bielicka.pl\">hi@patt-bielicka.pl<\/a><br \/><a href=\"https:\/\/patt-bielicka.pl\/wp-content\/uploads\/2026\/02\/patt-bielicka_portfolio-2026.pdf\"><span style=\"text-decoration: underline;\">Portfolio<\/span><\/a><\/p>\t\t\t\t\t\t<\/div>\n\t\t\t\t<\/div>\n\t\t\t\t<\/div>\n\t\t\t\t<\/div>\n\t\t<div class=\"elementor-element elementor-element-1afdda7 e-con-full e-flex e-con e-child\" data-id=\"1afdda7\" data-element_type=\"container\">\n\t\t\t\t<div class=\"elementor-element elementor-element-faaf03c elementor-widget__width-initial elementor-widget-tablet__width-initial elementor-widget-mobile__width-initial elementor-invisible elementor-widget elementor-widget-image\" data-id=\"faaf03c\" data-element_type=\"widget\" data-settings=\"{&quot;_animation&quot;:&quot;fadeInLeft&quot;,&quot;_animation_mobile&quot;:&quot;none&quot;}\" data-widget_type=\"image.default\">\n\t\t\t\t<div class=\"elementor-widget-container\">\n\t\t\t\t\t\t\t\t\t\t\t\t\t<img fetchpriority=\"high\" decoding=\"async\" width=\"2000\" height=\"2000\" src=\"https:\/\/patt-bielicka.pl\/wp-content\/uploads\/2024\/10\/IMG_5059.jpg\" class=\"attachment-full size-full wp-image-90\" alt=\"\" srcset=\"https:\/\/patt-bielicka.pl\/wp-content\/uploads\/2024\/10\/IMG_5059.jpg 2000w, https:\/\/patt-bielicka.pl\/wp-content\/uploads\/2024\/10\/IMG_5059-300x300.jpg 300w, https:\/\/patt-bielicka.pl\/wp-content\/uploads\/2024\/10\/IMG_5059-1024x1024.jpg 1024w, https:\/\/patt-bielicka.pl\/wp-content\/uploads\/2024\/10\/IMG_5059-150x150.jpg 150w, https:\/\/patt-bielicka.pl\/wp-content\/uploads\/2024\/10\/IMG_5059-768x768.jpg 768w, https:\/\/patt-bielicka.pl\/wp-content\/uploads\/2024\/10\/IMG_5059-1536x1536.jpg 1536w\" sizes=\"(max-width: 2000px) 100vw, 2000px\" \/>\t\t\t\t\t\t\t\t\t\t\t\t\t<\/div>\n\t\t\t\t<\/div>\n\t\t\t\t<\/div>\n\t\t\t\t<\/div>\n\t\t\t\t<\/div>\n\t\t","protected":false},"excerpt":{"rendered":"<p>graphic &amp;digital Design, kt\u00f3ry wspiera d\u0142ugofalowy rozw\u00f3j marki Jestem projektantk\u0105 graficzn\u0105 z wieloletnim do\u015bwiadczeniem, specjalizuj\u0105c\u0105 si\u0119 w projektowaniu nowoczesnych interfejs\u00f3w u\u017cytkownika oraz kompleksowym tworzeniu to\u017csamo\u015bci wizualnej dla marek. Moje podej\u015bcie \u0142\u0105czy estetyk\u0119 z funkcjonalno\u015bci\u0105, zapewniaj\u0105c intuicyjne i sp\u00f3jne do\u015bwiadczenia u\u017cytkownik\u00f3w. Projektuj\u0119 z\u00a0 my\u015bl\u0105 o budowaniu silnych, rozpoznawalnych marek, kt\u00f3re anga\u017cuj\u0105 odbiorc\u00f3w i wspieraj\u0105 ich w [&hellip;]<\/p>\n","protected":false},"author":1,"featured_media":90,"parent":0,"menu_order":0,"comment_status":"closed","ping_status":"closed","template":"elementor_header_footer","meta":{"footnotes":""},"class_list":["post-87","page","type-page","status-publish","has-post-thumbnail","hentry"],"_links":{"self":[{"href":"https:\/\/patt-bielicka.pl\/index.php?rest_route=\/wp\/v2\/pages\/87","targetHints":{"allow":["GET"]}}],"collection":[{"href":"https:\/\/patt-bielicka.pl\/index.php?rest_route=\/wp\/v2\/pages"}],"about":[{"href":"https:\/\/patt-bielicka.pl\/index.php?rest_route=\/wp\/v2\/types\/page"}],"author":[{"embeddable":true,"href":"https:\/\/patt-bielicka.pl\/index.php?rest_route=\/wp\/v2\/users\/1"}],"replies":[{"embeddable":true,"href":"https:\/\/patt-bielicka.pl\/index.php?rest_route=%2Fwp%2Fv2%2Fcomments&post=87"}],"version-history":[{"count":28,"href":"https:\/\/patt-bielicka.pl\/index.php?rest_route=\/wp\/v2\/pages\/87\/revisions"}],"predecessor-version":[{"id":130,"href":"https:\/\/patt-bielicka.pl\/index.php?rest_route=\/wp\/v2\/pages\/87\/revisions\/130"}],"wp:featuredmedia":[{"embeddable":true,"href":"https:\/\/patt-bielicka.pl\/index.php?rest_route=\/wp\/v2\/media\/90"}],"wp:attachment":[{"href":"https:\/\/patt-bielicka.pl\/index.php?rest_route=%2Fwp%2Fv2%2Fmedia&parent=87"}],"curies":[{"name":"wp","href":"https:\/\/api.w.org\/{rel}","templated":true}]}}